{"id":2128,"date":"2024-04-10T17:28:46","date_gmt":"2024-04-10T15:28:46","guid":{"rendered":"https:\/\/englishtxoko.com\/formulario-de-matriculacion\/"},"modified":"2024-09-03T16:40:52","modified_gmt":"2024-09-03T14:40:52","slug":"formulario-de-matriculacion","status":"publish","type":"page","link":"https:\/\/englishtxoko.com\/en\/formulario-de-matriculacion\/","title":{"rendered":"Formulario de matriculaci\u00f3n"},"content":{"rendered":"<p>[et_pb_section fb_built=&#8221;1&#8243; fullwidth=&#8221;on&#8221; admin_label=&#8221;Header Section&#8221; _builder_version=&#8221;4.24.3&#8243; background_image=&#8221;https:\/\/englishtxoko.com\/wp-content\/uploads\/2024\/04\/IMG_5150-1.jpeg&#8221; top_divider_style=&#8221;clouds2&#8243; top_divider_color=&#8221;rgba(255,255,255,0.3)&#8221; top_divider_height=&#8221;100%&#8221; bottom_divider_height=&#8221;30px&#8221; locked=&#8221;off&#8221; global_colors_info=&#8221;{}&#8221;][et_pb_fullwidth_header title=&#8221;@ET-DC@eyJkeW5hbWljIjp0cnVlLCJjb250ZW50IjoicG9zdF90aXRsZSIsInNldHRpbmdzIjp7ImJlZm9yZSI6IiIsImFmdGVyIjoiIn19@&#8221; text_orientation=&#8221;center&#8221; _builder_version=&#8221;4.24.3&#8243; _dynamic_attributes=&#8221;title&#8221; title_font=&#8221;Geometric 231|100||on|||||&#8221; title_text_color=&#8221;#1A171B&#8221; title_font_size=&#8221;70px&#8221; title_letter_spacing=&#8221;5px&#8221; title_line_height=&#8221;1.2em&#8221; content_font=&#8221;||||||||&#8221; content_line_height=&#8221;2em&#8221; subhead_font=&#8221;|700|||||||&#8221; subhead_text_color=&#8221;rgba(0,0,0,0.8)&#8221; subhead_font_size=&#8221;50px&#8221; subhead_line_height=&#8221;1.4em&#8221; background_color=&#8221;rgba(255,255,255,0)&#8221; use_background_color_gradient=&#8221;on&#8221; background_color_gradient_stops=&#8221;rgba(255,255,255,0.7) 45%|#ffffff 100%&#8221; background_color_gradient_start=&#8221;rgba(255,255,255,0.7)&#8221; background_color_gradient_end=&#8221;#ffffff&#8221; background_size=&#8221;contain&#8221; background_position=&#8221;bottom_center&#8221; background_layout=&#8221;light&#8221; custom_margin=&#8221;|||&#8221; custom_padding=&#8221;4vw||4vw|||&#8221; animation_style=&#8221;fade&#8221; animation_direction=&#8221;bottom&#8221; title_font_size_tablet=&#8221;40px&#8221; title_font_size_phone=&#8221;25px&#8221; title_font_size_last_edited=&#8221;on|phone&#8221; subhead_font_size_tablet=&#8221;&#8221; subhead_font_size_phone=&#8221;30px&#8221; subhead_font_size_last_edited=&#8221;on|phone&#8221; button_one_border_radius_hover=&#8221;100px&#8221; button_two_border_radius_hover=&#8221;100px&#8221; button_one_bg_color_hover=&#8221;#ff8a70&#8243; button_two_bg_color_hover=&#8221;#ff8a70&#8243; global_colors_info=&#8221;{}&#8221;][\/et_pb_fullwidth_header][\/et_pb_section][et_pb_section fb_built=&#8221;1&#8243; _builder_version=&#8221;4.24.3&#8243; _module_preset=&#8221;default&#8221; background_color=&#8221;rgba(87,87,87,0.05)&#8221; custom_padding=&#8221;75px||75px||true|&#8221; locked=&#8221;off&#8221; global_colors_info=&#8221;{}&#8221;][et_pb_row _builder_version=&#8221;4.24.3&#8243; _module_preset=&#8221;default&#8221; custom_padding=&#8221;0px||0px||true|&#8221; global_colors_info=&#8221;{}&#8221;][et_pb_column type=&#8221;4_4&#8243; _builder_version=&#8221;4.24.3&#8243; _module_preset=&#8221;default&#8221; global_colors_info=&#8221;{}&#8221;][wpforms_selector form_id=&#8221;1895&#8243; _builder_version=&#8221;4.24.3&#8243; _module_preset=&#8221;default&#8221; hover_enabled=&#8221;0&#8243; global_colors_info=&#8221;{}&#8221; sticky_enabled=&#8221;0&#8243;][\/wpforms_selector][et_pb_text _builder_version=&#8221;4.24.3&#8243; _module_preset=&#8221;default&#8221; text_font_size=&#8221;12px&#8221; text_line_height=&#8221;1.2em&#8221; global_colors_info=&#8221;{}&#8221;]<\/p>\n<p><strong>CL\u00c1USULA PARA LA RECOGIDA Y CESI\u00d3N DE DATOS EN EL MARCO DE LA LOPD (Ley Org\u00e1nica 15\/1999 de Protecci\u00f3n de Datos de Car\u00e1cter Personal)<\/strong><\/p>\n<p>Conforme a lo previsto en la Ley Org\u00e1nica 15\/1999 de Protecci\u00f3n de Datos de Car\u00e1cter Personal, los datos recogidos formar\u00e1n parte de un fichero, inscrito en el Registro de la Agencia de Protecci\u00f3n de Datos y cuyo Responsable es <strong>The English Txoko<\/strong>.<\/p>\n<p>La finalidad de esta recogida de datos de car\u00e1cter personal ser\u00e1 la gesti\u00f3n del servicio de colonias y el env\u00edo de comunicaciones, por cualquier medio, incluido el correo electr\u00f3nico.<\/p>\n<p>Asimismo, el centro se reserva el derecho a publicar en la p\u00e1gina web de la que es propietaria, im\u00e1genes de la actividad acad\u00e9mica con fines promocionales del centro. En caso de oponerse a la publicaci\u00f3n de las im\u00e1genes en los t\u00e9rminos previstos marque la casilla.<br \/>En caso contrario se entender\u00e1 que presta su consentimiento expreso a tal efecto.<\/p>\n<p>En cualquier caso, podr\u00e1 ejercitar sus derechos de acceso, rectificaci\u00f3n, cancelaci\u00f3n y oposici\u00f3n dirigi\u00e9ndose Calle Ercilla 29, 1, dcha, Bilbao, 48011 indicando en la comunicaci\u00f3n LOPD.<\/p>\n<p>[\/et_pb_text][\/et_pb_column][\/et_pb_row][\/et_pb_section]<\/p>\n","protected":false},"excerpt":{"rendered":"<p><div class=\"et_pb_module wpforms_selector wpforms_selector_0\">\n\t\t\t\t\n\t\t\t\t\n\t\t\t\t\n\t\t\t\t\n\t\t\t\t\n\t\t\t\t\n\t\t\t\t<div class=\"et_pb_module_inner\">\n\t\t\t\t\t<div class=\"wpforms-container wpforms-container-full\" id=\"wpforms-1895\"><form id=\"wpforms-form-1895\" class=\"wpforms-validate wpforms-form wpforms-ajax-form\" data-formid=\"1895\" method=\"post\" enctype=\"multipart\/form-data\" action=\"\/en\/wp-json\/wp\/v2\/pages\/2128\" data-token=\"5be62b6ff2ddc78b4f7a9bd3ec53aa8b\" data-token-time=\"1778006499\"><noscript class=\"wpforms-error-noscript\">Please enable JavaScript in your browser to complete this form.<\/noscript><div class=\"wpforms-field-container\"><div id=\"wpforms-1895-field_8-container\" class=\"wpforms-field wpforms-field-name wpforms-one-half wpforms-first\" data-field-id=\"8\"><label class=\"wpforms-field-label\">Nombre y apellidos del alumno\/a <span class=\"wpforms-required-label\">*<\/span><\/label><div class=\"wpforms-field-row wpforms-field-large\"><div class=\"wpforms-field-row-block wpforms-first wpforms-one-half\"><input type=\"text\" id=\"wpforms-1895-field_8\" class=\"wpforms-field-name-first wpforms-field-required\" name=\"wpforms[fields][8][first]\" required><label for=\"wpforms-1895-field_8\" class=\"wpforms-field-sublabel after\">Nombre<\/label><\/div><div class=\"wpforms-field-row-block wpforms-one-half\"><input type=\"text\" id=\"wpforms-1895-field_8-last\" class=\"wpforms-field-name-last wpforms-field-required\" name=\"wpforms[fields][8][last]\" required><label for=\"wpforms-1895-field_8-last\" class=\"wpforms-field-sublabel after\">Apellidos<\/label><\/div><\/div><\/div><div id=\"wpforms-1895-field_3-container\" class=\"wpforms-field wpforms-field-text wpforms-one-half\" data-field-id=\"3\"><label class=\"wpforms-field-label\" for=\"wpforms-1895-field_3\">Fecha de nacimiento <span class=\"wpforms-required-label\">*<\/span><\/label><input type=\"text\" id=\"wpforms-1895-field_3\" class=\"wpforms-field-large wpforms-field-required\" name=\"wpforms[fields][3]\" required><\/div><div id=\"wpforms-1895-field_4-container\" class=\"wpforms-field wpforms-field-text wpforms-one-half wpforms-first\" data-field-id=\"4\"><label class=\"wpforms-field-label\" for=\"wpforms-1895-field_4\">Nombre de la ikastola \/ colegio <span class=\"wpforms-required-label\">*<\/span><\/label><input type=\"text\" id=\"wpforms-1895-field_4\" class=\"wpforms-field-large wpforms-field-required\" name=\"wpforms[fields][4]\" required><\/div><div id=\"wpforms-1895-field_2-container\" class=\"wpforms-field wpforms-field-text wpforms-one-half\" data-field-id=\"2\"><label class=\"wpforms-field-label\" for=\"wpforms-1895-field_2\">Nombre y apellidos de los padres <span class=\"wpforms-required-label\">*<\/span><\/label><input type=\"text\" id=\"wpforms-1895-field_2\" class=\"wpforms-field-large wpforms-field-required\" name=\"wpforms[fields][2]\" required><\/div><div id=\"wpforms-1895-field_10-container\" class=\"wpforms-field wpforms-field-text wpforms-one-half wpforms-first\" data-field-id=\"10\"><label class=\"wpforms-field-label\" for=\"wpforms-1895-field_10\">Tel\u00e9fono de contacto <span class=\"wpforms-required-label\">*<\/span><\/label><input type=\"text\" id=\"wpforms-1895-field_10\" class=\"wpforms-field-large wpforms-field-required\" name=\"wpforms[fields][10]\" required><\/div><div id=\"wpforms-1895-field_7-container\" class=\"wpforms-field wpforms-field-email wpforms-one-half\" data-field-id=\"7\"><label class=\"wpforms-field-label\" for=\"wpforms-1895-field_7\">Correo electr\u00f3nico <span class=\"wpforms-required-label\">*<\/span><\/label><input type=\"email\" id=\"wpforms-1895-field_7\" class=\"wpforms-field-large wpforms-field-required\" name=\"wpforms[fields][7]\" spellcheck=\"false\" required><\/div><\/div><!-- .wpforms-field-container --><div class=\"wpforms-submit-container\" ><input type=\"hidden\" name=\"wpforms[id]\" value=\"1895\"><input type=\"hidden\" name=\"page_title\" value=\"\"><input type=\"hidden\" name=\"page_url\" value=\"https:\/\/englishtxoko.com\/en\/wp-json\/wp\/v2\/pages\/2128\"><input type=\"hidden\" name=\"url_referer\" value=\"\"><button type=\"submit\" name=\"wpforms[submit]\" id=\"wpforms-submit-1895\" class=\"wpforms-submit\" data-alt-text=\"Enviando...\" data-submit-text=\"Enviar\" aria-live=\"assertive\" value=\"wpforms-submit\">Enviar<\/button><img loading=\"lazy\" decoding=\"async\" src=\"https:\/\/englishtxoko.com\/wp-content\/plugins\/wpforms-lite\/assets\/images\/submit-spin.svg\" class=\"wpforms-submit-spinner\" style=\"display: none;\" width=\"26\" height=\"26\" alt=\"Loading\"><\/div><\/form><\/div>  <!-- .wpforms-container -->\n\t\t\t\t<\/div>\n\t\t\t<\/div>CL\u00c1USULA PARA LA RECOGIDA Y CESI\u00d3N DE DATOS EN EL MARCO DE LA LOPD (Ley Org\u00e1nica 15\/1999 de Protecci\u00f3n de Datos de Car\u00e1cter Personal) Conforme a lo previsto en la Ley Org\u00e1nica 15\/1999 de Protecci\u00f3n de Datos de Car\u00e1cter Personal, los datos recogidos formar\u00e1n parte de un fichero, inscrito [&hellip;]<\/p>\n","protected":false},"author":3,"featured_media":0,"parent":0,"menu_order":0,"comment_status":"closed","ping_status":"closed","template":"","meta":{"_et_pb_use_builder":"on","_et_pb_old_content":"","_et_gb_content_width":"","footnotes":""},"class_list":["post-2128","page","type-page","status-publish","hentry"],"yoast_head":"<!-- This site is optimized with the Yoast SEO plugin v27.3 - https:\/\/yoast.com\/product\/yoast-seo-wordpress\/ -->\n<title>Formulario de matriculaci\u00f3n ~ The English Txoko<\/title>\n<meta name=\"robots\" content=\"index, follow, max-snippet:-1, max-image-preview:large, max-video-preview:-1\" \/>\n<link rel=\"canonical\" href=\"https:\/\/englishtxoko.com\/en\/formulario-de-matriculacion\/\" \/>\n<meta property=\"og:locale\" content=\"en_US\" \/>\n<meta property=\"og:type\" content=\"article\" \/>\n<meta property=\"og:title\" content=\"Formulario de matriculaci\u00f3n ~ The English Txoko\" \/>\n<meta property=\"og:description\" content=\"CL\u00c1USULA PARA LA RECOGIDA Y CESI\u00d3N DE DATOS EN EL MARCO DE LA LOPD (Ley Org\u00e1nica 15\/1999 de Protecci\u00f3n de Datos de Car\u00e1cter Personal) Conforme a lo previsto en la Ley Org\u00e1nica 15\/1999 de Protecci\u00f3n de Datos de Car\u00e1cter Personal, los datos recogidos formar\u00e1n parte de un fichero, inscrito [&hellip;]\" \/>\n<meta property=\"og:url\" content=\"https:\/\/englishtxoko.com\/en\/formulario-de-matriculacion\/\" \/>\n<meta property=\"og:site_name\" content=\"The English Txoko\" \/>\n<meta property=\"article:modified_time\" content=\"2024-09-03T14:40:52+00:00\" \/>\n<meta property=\"og:image\" content=\"https:\/\/englishtxoko.com\/wp-content\/uploads\/2024\/04\/englishtxoko_imagotipo.png\" \/>\n\t<meta property=\"og:image:width\" content=\"417\" \/>\n\t<meta property=\"og:image:height\" content=\"240\" \/>\n\t<meta property=\"og:image:type\" content=\"image\/png\" \/>\n<meta name=\"twitter:card\" content=\"summary_large_image\" \/>\n<script type=\"application\/ld+json\" class=\"yoast-schema-graph\">{\"@context\":\"https:\\\/\\\/schema.org\",\"@graph\":[{\"@type\":\"WebPage\",\"@id\":\"https:\\\/\\\/englishtxoko.com\\\/en\\\/formulario-de-matriculacion\\\/\",\"url\":\"https:\\\/\\\/englishtxoko.com\\\/en\\\/formulario-de-matriculacion\\\/\",\"name\":\"Formulario de matriculaci\u00f3n ~ The English Txoko\",\"isPartOf\":{\"@id\":\"https:\\\/\\\/englishtxoko.com\\\/en\\\/#website\"},\"datePublished\":\"2024-04-10T15:28:46+00:00\",\"dateModified\":\"2024-09-03T14:40:52+00:00\",\"breadcrumb\":{\"@id\":\"https:\\\/\\\/englishtxoko.com\\\/en\\\/formulario-de-matriculacion\\\/#breadcrumb\"},\"inLanguage\":\"en-US\",\"potentialAction\":[{\"@type\":\"ReadAction\",\"target\":[\"https:\\\/\\\/englishtxoko.com\\\/en\\\/formulario-de-matriculacion\\\/\"]}]},{\"@type\":\"BreadcrumbList\",\"@id\":\"https:\\\/\\\/englishtxoko.com\\\/en\\\/formulario-de-matriculacion\\\/#breadcrumb\",\"itemListElement\":[{\"@type\":\"ListItem\",\"position\":1,\"name\":\"Portada\",\"item\":\"https:\\\/\\\/englishtxoko.com\\\/en\\\/\"},{\"@type\":\"ListItem\",\"position\":2,\"name\":\"Formulario de matriculaci\u00f3n\"}]},{\"@type\":\"WebSite\",\"@id\":\"https:\\\/\\\/englishtxoko.com\\\/en\\\/#website\",\"url\":\"https:\\\/\\\/englishtxoko.com\\\/en\\\/\",\"name\":\"The English Txoko\",\"description\":\"\",\"publisher\":{\"@id\":\"https:\\\/\\\/englishtxoko.com\\\/en\\\/#organization\"},\"potentialAction\":[{\"@type\":\"SearchAction\",\"target\":{\"@type\":\"EntryPoint\",\"urlTemplate\":\"https:\\\/\\\/englishtxoko.com\\\/en\\\/?s={search_term_string}\"},\"query-input\":{\"@type\":\"PropertyValueSpecification\",\"valueRequired\":true,\"valueName\":\"search_term_string\"}}],\"inLanguage\":\"en-US\"},{\"@type\":\"Organization\",\"@id\":\"https:\\\/\\\/englishtxoko.com\\\/en\\\/#organization\",\"name\":\"The English Txoko\",\"url\":\"https:\\\/\\\/englishtxoko.com\\\/en\\\/\",\"logo\":{\"@type\":\"ImageObject\",\"inLanguage\":\"en-US\",\"@id\":\"https:\\\/\\\/englishtxoko.com\\\/en\\\/#\\\/schema\\\/logo\\\/image\\\/\",\"url\":\"https:\\\/\\\/englishtxoko.com\\\/wp-content\\\/uploads\\\/2024\\\/04\\\/et_favicon.png\",\"contentUrl\":\"https:\\\/\\\/englishtxoko.com\\\/wp-content\\\/uploads\\\/2024\\\/04\\\/et_favicon.png\",\"width\":512,\"height\":512,\"caption\":\"The English Txoko\"},\"image\":{\"@id\":\"https:\\\/\\\/englishtxoko.com\\\/en\\\/#\\\/schema\\\/logo\\\/image\\\/\"}}]}<\/script>\n<!-- \/ Yoast SEO plugin. -->","yoast_head_json":{"title":"Formulario de matriculaci\u00f3n ~ The English Txoko","robots":{"index":"index","follow":"follow","max-snippet":"max-snippet:-1","max-image-preview":"max-image-preview:large","max-video-preview":"max-video-preview:-1"},"canonical":"https:\/\/englishtxoko.com\/en\/formulario-de-matriculacion\/","og_locale":"en_US","og_type":"article","og_title":"Formulario de matriculaci\u00f3n ~ The English Txoko","og_description":"CL\u00c1USULA PARA LA RECOGIDA Y CESI\u00d3N DE DATOS EN EL MARCO DE LA LOPD (Ley Org\u00e1nica 15\/1999 de Protecci\u00f3n de Datos de Car\u00e1cter Personal) Conforme a lo previsto en la Ley Org\u00e1nica 15\/1999 de Protecci\u00f3n de Datos de Car\u00e1cter Personal, los datos recogidos formar\u00e1n parte de un fichero, inscrito [&hellip;]","og_url":"https:\/\/englishtxoko.com\/en\/formulario-de-matriculacion\/","og_site_name":"The English Txoko","article_modified_time":"2024-09-03T14:40:52+00:00","og_image":[{"width":417,"height":240,"url":"https:\/\/englishtxoko.com\/wp-content\/uploads\/2024\/04\/englishtxoko_imagotipo.png","type":"image\/png"}],"twitter_card":"summary_large_image","schema":{"@context":"https:\/\/schema.org","@graph":[{"@type":"WebPage","@id":"https:\/\/englishtxoko.com\/en\/formulario-de-matriculacion\/","url":"https:\/\/englishtxoko.com\/en\/formulario-de-matriculacion\/","name":"Formulario de matriculaci\u00f3n ~ The English Txoko","isPartOf":{"@id":"https:\/\/englishtxoko.com\/en\/#website"},"datePublished":"2024-04-10T15:28:46+00:00","dateModified":"2024-09-03T14:40:52+00:00","breadcrumb":{"@id":"https:\/\/englishtxoko.com\/en\/formulario-de-matriculacion\/#breadcrumb"},"inLanguage":"en-US","potentialAction":[{"@type":"ReadAction","target":["https:\/\/englishtxoko.com\/en\/formulario-de-matriculacion\/"]}]},{"@type":"BreadcrumbList","@id":"https:\/\/englishtxoko.com\/en\/formulario-de-matriculacion\/#breadcrumb","itemListElement":[{"@type":"ListItem","position":1,"name":"Portada","item":"https:\/\/englishtxoko.com\/en\/"},{"@type":"ListItem","position":2,"name":"Formulario de matriculaci\u00f3n"}]},{"@type":"WebSite","@id":"https:\/\/englishtxoko.com\/en\/#website","url":"https:\/\/englishtxoko.com\/en\/","name":"The English Txoko","description":"","publisher":{"@id":"https:\/\/englishtxoko.com\/en\/#organization"},"potentialAction":[{"@type":"SearchAction","target":{"@type":"EntryPoint","urlTemplate":"https:\/\/englishtxoko.com\/en\/?s={search_term_string}"},"query-input":{"@type":"PropertyValueSpecification","valueRequired":true,"valueName":"search_term_string"}}],"inLanguage":"en-US"},{"@type":"Organization","@id":"https:\/\/englishtxoko.com\/en\/#organization","name":"The English Txoko","url":"https:\/\/englishtxoko.com\/en\/","logo":{"@type":"ImageObject","inLanguage":"en-US","@id":"https:\/\/englishtxoko.com\/en\/#\/schema\/logo\/image\/","url":"https:\/\/englishtxoko.com\/wp-content\/uploads\/2024\/04\/et_favicon.png","contentUrl":"https:\/\/englishtxoko.com\/wp-content\/uploads\/2024\/04\/et_favicon.png","width":512,"height":512,"caption":"The English Txoko"},"image":{"@id":"https:\/\/englishtxoko.com\/en\/#\/schema\/logo\/image\/"}}]}},"_links":{"self":[{"href":"https:\/\/englishtxoko.com\/en\/wp-json\/wp\/v2\/pages\/2128","targetHints":{"allow":["GET"]}}],"collection":[{"href":"https:\/\/englishtxoko.com\/en\/wp-json\/wp\/v2\/pages"}],"about":[{"href":"https:\/\/englishtxoko.com\/en\/wp-json\/wp\/v2\/types\/page"}],"author":[{"embeddable":true,"href":"https:\/\/englishtxoko.com\/en\/wp-json\/wp\/v2\/users\/3"}],"replies":[{"embeddable":true,"href":"https:\/\/englishtxoko.com\/en\/wp-json\/wp\/v2\/comments?post=2128"}],"version-history":[{"count":2,"href":"https:\/\/englishtxoko.com\/en\/wp-json\/wp\/v2\/pages\/2128\/revisions"}],"predecessor-version":[{"id":2298,"href":"https:\/\/englishtxoko.com\/en\/wp-json\/wp\/v2\/pages\/2128\/revisions\/2298"}],"wp:attachment":[{"href":"https:\/\/englishtxoko.com\/en\/wp-json\/wp\/v2\/media?parent=2128"}],"curies":[{"name":"wp","href":"https:\/\/api.w.org\/{rel}","templated":true}]}}