{"id":2215,"date":"2023-01-01T11:39:12","date_gmt":"2023-01-01T10:39:12","guid":{"rendered":"https:\/\/englishtxoko.com\/aviso-legal\/"},"modified":"2024-04-25T14:49:10","modified_gmt":"2024-04-25T12:49:10","slug":"aviso-legal","status":"publish","type":"page","link":"https:\/\/englishtxoko.com\/en\/aviso-legal\/","title":{"rendered":"Aviso legal"},"content":{"rendered":"<p>[et_pb_section fb_built=&#8221;1&#8243; fullwidth=&#8221;on&#8221; admin_label=&#8221;Header Section&#8221; _builder_version=&#8221;4.24.3&#8243; background_image=&#8221;https:\/\/englishtxoko.com\/wp-content\/uploads\/2024\/04\/IMG_5150-1.jpeg&#8221; top_divider_style=&#8221;clouds2&#8243; top_divider_color=&#8221;rgba(255,255,255,0.3)&#8221; top_divider_height=&#8221;100%&#8221; bottom_divider_height=&#8221;30px&#8221; locked=&#8221;off&#8221; global_colors_info=&#8221;{}&#8221;][et_pb_fullwidth_header title=&#8221;@ET-DC@eyJkeW5hbWljIjp0cnVlLCJjb250ZW50IjoicG9zdF90aXRsZSIsInNldHRpbmdzIjp7ImJlZm9yZSI6IiIsImFmdGVyIjoiIn19@&#8221; text_orientation=&#8221;center&#8221; _builder_version=&#8221;4.24.3&#8243; _dynamic_attributes=&#8221;title&#8221; title_font=&#8221;Geometric 231|100||on|||||&#8221; title_text_color=&#8221;#1A171B&#8221; title_font_size=&#8221;70px&#8221; title_letter_spacing=&#8221;5px&#8221; title_line_height=&#8221;1.2em&#8221; content_font=&#8221;||||||||&#8221; content_line_height=&#8221;2em&#8221; subhead_font=&#8221;|700|||||||&#8221; subhead_text_color=&#8221;rgba(0,0,0,0.8)&#8221; subhead_font_size=&#8221;50px&#8221; subhead_line_height=&#8221;1.4em&#8221; background_color=&#8221;rgba(255,255,255,0)&#8221; use_background_color_gradient=&#8221;on&#8221; background_color_gradient_stops=&#8221;rgba(255,255,255,0.7) 45%|#ffffff 100%&#8221; background_color_gradient_start=&#8221;rgba(255,255,255,0.7)&#8221; background_color_gradient_end=&#8221;#ffffff&#8221; background_size=&#8221;contain&#8221; background_position=&#8221;bottom_center&#8221; background_layout=&#8221;light&#8221; custom_margin=&#8221;|||&#8221; custom_padding=&#8221;4vw||4vw|||&#8221; animation_style=&#8221;fade&#8221; animation_direction=&#8221;bottom&#8221; title_font_size_tablet=&#8221;40px&#8221; title_font_size_phone=&#8221;25px&#8221; title_font_size_last_edited=&#8221;on|phone&#8221; subhead_font_size_tablet=&#8221;&#8221; subhead_font_size_phone=&#8221;30px&#8221; subhead_font_size_last_edited=&#8221;on|phone&#8221; button_one_border_radius_hover=&#8221;100px&#8221; button_two_border_radius_hover=&#8221;100px&#8221; button_one_bg_color_hover=&#8221;#ff8a70&#8243; button_two_bg_color_hover=&#8221;#ff8a70&#8243; global_colors_info=&#8221;{}&#8221;][\/et_pb_fullwidth_header][\/et_pb_section][et_pb_section fb_built=&#8221;1&#8243; _builder_version=&#8221;4.16&#8243; custom_padding=&#8221;75px||75px||true|false&#8221; bottom_divider_color=&#8221;#242424&#8243; bottom_divider_height=&#8221;50px&#8221; bottom_divider_flip=&#8221;vertical&#8221; global_colors_info=&#8221;{}&#8221;][et_pb_row _builder_version=&#8221;4.16&#8243; background_size=&#8221;initial&#8221; background_position=&#8221;top_left&#8221; background_repeat=&#8221;repeat&#8221; custom_padding=&#8221;0px||0px||true|&#8221; global_colors_info=&#8221;{}&#8221;][et_pb_column type=&#8221;4_4&#8243; _builder_version=&#8221;4.16&#8243; custom_padding=&#8221;|||&#8221; global_colors_info=&#8221;{}&#8221; custom_padding__hover=&#8221;|||&#8221;][et_pb_text _builder_version=&#8221;4.25.0&#8243; background_size=&#8221;initial&#8221; background_position=&#8221;top_left&#8221; background_repeat=&#8221;repeat&#8221; hover_enabled=&#8221;0&#8243; global_colors_info=&#8221;{}&#8221; sticky_enabled=&#8221;0&#8243;]<\/p>\n<h2>DATOS IDENTIFICATIVOS<\/h2>\n<p class=\"p4\">De acuerdo con la exigencia establecida en art\u00edculo 10 de la Ley 34\/2002, del 11 de julio, de Servicios de la Sociedad de la Informaci\u00f3n y del Comercio Electr\u00f3nico, se cumple con la obligaci\u00f3n de informar a todos los usuarios e interesados que la responsabilidad y titularidad del dominio web englishtxoko.com<span class=\"s1\">, <\/span>as\u00ed como las redes sociales y\/o cualquier sitio web asociado, en lo adelante el \u201csitio web\u201d le pertenecen a:<\/p>\n<p class=\"p4\"><strong>The English Txoko<\/strong><\/p>\n<p class=\"p4\">NIF: E95721478<\/p>\n<p class=\"p4\">con domicilio en CL\/ Sipiri, 26 &#8211; 1B, 48600 Sopela, Bizkaia, en lo adelante The English Txoko<\/p>\n<p class=\"p4\">y cuyo correo electr\u00f3nico de contacto es info@englishtxoko.com<span class=\"s1\">.<\/span><\/p>\n<p>[\/et_pb_text][\/et_pb_column][\/et_pb_row][\/et_pb_section]<\/p>\n","protected":false},"excerpt":{"rendered":"<p>DATOS IDENTIFICATIVOS De acuerdo con la exigencia establecida en art\u00edculo 10 de la Ley 34\/2002, del 11 de julio, de Servicios de la Sociedad de la Informaci\u00f3n y del Comercio Electr\u00f3nico, se cumple con la obligaci\u00f3n de informar a todos los usuarios e interesados que la responsabilidad y titularidad del dominio web englishtxoko.com, as\u00ed como [&hellip;]<\/p>\n","protected":false},"author":3,"featured_media":0,"parent":0,"menu_order":0,"comment_status":"closed","ping_status":"closed","template":"","meta":{"_et_pb_use_builder":"on","_et_pb_old_content":"","_et_gb_content_width":"","footnotes":""},"class_list":["post-2215","page","type-page","status-publish","hentry"],"yoast_head":"<!-- This site is optimized with the Yoast SEO plugin v27.3 - https:\/\/yoast.com\/product\/yoast-seo-wordpress\/ -->\n<title>Aviso legal ~ The English Txoko<\/title>\n<meta name=\"robots\" content=\"index, follow, max-snippet:-1, max-image-preview:large, max-video-preview:-1\" \/>\n<link rel=\"canonical\" href=\"https:\/\/englishtxoko.com\/en\/aviso-legal\/\" \/>\n<meta property=\"og:locale\" content=\"en_US\" \/>\n<meta property=\"og:type\" content=\"article\" \/>\n<meta property=\"og:title\" content=\"Aviso legal ~ The English Txoko\" \/>\n<meta property=\"og:description\" content=\"DATOS IDENTIFICATIVOS De acuerdo con la exigencia establecida en art\u00edculo 10 de la Ley 34\/2002, del 11 de julio, de Servicios de la Sociedad de la Informaci\u00f3n y del Comercio Electr\u00f3nico, se cumple con la obligaci\u00f3n de informar a todos los usuarios e interesados que la responsabilidad y titularidad del dominio web englishtxoko.com, as\u00ed como [&hellip;]\" \/>\n<meta property=\"og:url\" content=\"https:\/\/englishtxoko.com\/en\/aviso-legal\/\" \/>\n<meta property=\"og:site_name\" content=\"The English Txoko\" \/>\n<meta property=\"article:modified_time\" content=\"2024-04-25T12:49:10+00:00\" \/>\n<meta property=\"og:image\" content=\"https:\/\/englishtxoko.com\/wp-content\/uploads\/2024\/04\/englishtxoko_imagotipo.png\" \/>\n\t<meta property=\"og:image:width\" content=\"417\" \/>\n\t<meta property=\"og:image:height\" content=\"240\" \/>\n\t<meta property=\"og:image:type\" content=\"image\/png\" \/>\n<meta name=\"twitter:card\" content=\"summary_large_image\" \/>\n<script type=\"application\/ld+json\" class=\"yoast-schema-graph\">{\"@context\":\"https:\\\/\\\/schema.org\",\"@graph\":[{\"@type\":\"WebPage\",\"@id\":\"https:\\\/\\\/englishtxoko.com\\\/en\\\/aviso-legal\\\/\",\"url\":\"https:\\\/\\\/englishtxoko.com\\\/en\\\/aviso-legal\\\/\",\"name\":\"Aviso legal ~ The English Txoko\",\"isPartOf\":{\"@id\":\"https:\\\/\\\/englishtxoko.com\\\/en\\\/#website\"},\"datePublished\":\"2023-01-01T10:39:12+00:00\",\"dateModified\":\"2024-04-25T12:49:10+00:00\",\"breadcrumb\":{\"@id\":\"https:\\\/\\\/englishtxoko.com\\\/en\\\/aviso-legal\\\/#breadcrumb\"},\"inLanguage\":\"en-US\",\"potentialAction\":[{\"@type\":\"ReadAction\",\"target\":[\"https:\\\/\\\/englishtxoko.com\\\/en\\\/aviso-legal\\\/\"]}]},{\"@type\":\"BreadcrumbList\",\"@id\":\"https:\\\/\\\/englishtxoko.com\\\/en\\\/aviso-legal\\\/#breadcrumb\",\"itemListElement\":[{\"@type\":\"ListItem\",\"position\":1,\"name\":\"Portada\",\"item\":\"https:\\\/\\\/englishtxoko.com\\\/en\\\/\"},{\"@type\":\"ListItem\",\"position\":2,\"name\":\"Aviso legal\"}]},{\"@type\":\"WebSite\",\"@id\":\"https:\\\/\\\/englishtxoko.com\\\/en\\\/#website\",\"url\":\"https:\\\/\\\/englishtxoko.com\\\/en\\\/\",\"name\":\"The English Txoko\",\"description\":\"\",\"publisher\":{\"@id\":\"https:\\\/\\\/englishtxoko.com\\\/en\\\/#organization\"},\"potentialAction\":[{\"@type\":\"SearchAction\",\"target\":{\"@type\":\"EntryPoint\",\"urlTemplate\":\"https:\\\/\\\/englishtxoko.com\\\/en\\\/?s={search_term_string}\"},\"query-input\":{\"@type\":\"PropertyValueSpecification\",\"valueRequired\":true,\"valueName\":\"search_term_string\"}}],\"inLanguage\":\"en-US\"},{\"@type\":\"Organization\",\"@id\":\"https:\\\/\\\/englishtxoko.com\\\/en\\\/#organization\",\"name\":\"The English Txoko\",\"url\":\"https:\\\/\\\/englishtxoko.com\\\/en\\\/\",\"logo\":{\"@type\":\"ImageObject\",\"inLanguage\":\"en-US\",\"@id\":\"https:\\\/\\\/englishtxoko.com\\\/en\\\/#\\\/schema\\\/logo\\\/image\\\/\",\"url\":\"https:\\\/\\\/englishtxoko.com\\\/wp-content\\\/uploads\\\/2024\\\/04\\\/et_favicon.png\",\"contentUrl\":\"https:\\\/\\\/englishtxoko.com\\\/wp-content\\\/uploads\\\/2024\\\/04\\\/et_favicon.png\",\"width\":512,\"height\":512,\"caption\":\"The English Txoko\"},\"image\":{\"@id\":\"https:\\\/\\\/englishtxoko.com\\\/en\\\/#\\\/schema\\\/logo\\\/image\\\/\"}}]}<\/script>\n<!-- \/ Yoast SEO plugin. -->","yoast_head_json":{"title":"Aviso legal ~ The English Txoko","robots":{"index":"index","follow":"follow","max-snippet":"max-snippet:-1","max-image-preview":"max-image-preview:large","max-video-preview":"max-video-preview:-1"},"canonical":"https:\/\/englishtxoko.com\/en\/aviso-legal\/","og_locale":"en_US","og_type":"article","og_title":"Aviso legal ~ The English Txoko","og_description":"DATOS IDENTIFICATIVOS De acuerdo con la exigencia establecida en art\u00edculo 10 de la Ley 34\/2002, del 11 de julio, de Servicios de la Sociedad de la Informaci\u00f3n y del Comercio Electr\u00f3nico, se cumple con la obligaci\u00f3n de informar a todos los usuarios e interesados que la responsabilidad y titularidad del dominio web englishtxoko.com, as\u00ed como [&hellip;]","og_url":"https:\/\/englishtxoko.com\/en\/aviso-legal\/","og_site_name":"The English Txoko","article_modified_time":"2024-04-25T12:49:10+00:00","og_image":[{"width":417,"height":240,"url":"https:\/\/englishtxoko.com\/wp-content\/uploads\/2024\/04\/englishtxoko_imagotipo.png","type":"image\/png"}],"twitter_card":"summary_large_image","schema":{"@context":"https:\/\/schema.org","@graph":[{"@type":"WebPage","@id":"https:\/\/englishtxoko.com\/en\/aviso-legal\/","url":"https:\/\/englishtxoko.com\/en\/aviso-legal\/","name":"Aviso legal ~ The English Txoko","isPartOf":{"@id":"https:\/\/englishtxoko.com\/en\/#website"},"datePublished":"2023-01-01T10:39:12+00:00","dateModified":"2024-04-25T12:49:10+00:00","breadcrumb":{"@id":"https:\/\/englishtxoko.com\/en\/aviso-legal\/#breadcrumb"},"inLanguage":"en-US","potentialAction":[{"@type":"ReadAction","target":["https:\/\/englishtxoko.com\/en\/aviso-legal\/"]}]},{"@type":"BreadcrumbList","@id":"https:\/\/englishtxoko.com\/en\/aviso-legal\/#breadcrumb","itemListElement":[{"@type":"ListItem","position":1,"name":"Portada","item":"https:\/\/englishtxoko.com\/en\/"},{"@type":"ListItem","position":2,"name":"Aviso legal"}]},{"@type":"WebSite","@id":"https:\/\/englishtxoko.com\/en\/#website","url":"https:\/\/englishtxoko.com\/en\/","name":"The English Txoko","description":"","publisher":{"@id":"https:\/\/englishtxoko.com\/en\/#organization"},"potentialAction":[{"@type":"SearchAction","target":{"@type":"EntryPoint","urlTemplate":"https:\/\/englishtxoko.com\/en\/?s={search_term_string}"},"query-input":{"@type":"PropertyValueSpecification","valueRequired":true,"valueName":"search_term_string"}}],"inLanguage":"en-US"},{"@type":"Organization","@id":"https:\/\/englishtxoko.com\/en\/#organization","name":"The English Txoko","url":"https:\/\/englishtxoko.com\/en\/","logo":{"@type":"ImageObject","inLanguage":"en-US","@id":"https:\/\/englishtxoko.com\/en\/#\/schema\/logo\/image\/","url":"https:\/\/englishtxoko.com\/wp-content\/uploads\/2024\/04\/et_favicon.png","contentUrl":"https:\/\/englishtxoko.com\/wp-content\/uploads\/2024\/04\/et_favicon.png","width":512,"height":512,"caption":"The English Txoko"},"image":{"@id":"https:\/\/englishtxoko.com\/en\/#\/schema\/logo\/image\/"}}]}},"_links":{"self":[{"href":"https:\/\/englishtxoko.com\/en\/wp-json\/wp\/v2\/pages\/2215","targetHints":{"allow":["GET"]}}],"collection":[{"href":"https:\/\/englishtxoko.com\/en\/wp-json\/wp\/v2\/pages"}],"about":[{"href":"https:\/\/englishtxoko.com\/en\/wp-json\/wp\/v2\/types\/page"}],"author":[{"embeddable":true,"href":"https:\/\/englishtxoko.com\/en\/wp-json\/wp\/v2\/users\/3"}],"replies":[{"embeddable":true,"href":"https:\/\/englishtxoko.com\/en\/wp-json\/wp\/v2\/comments?post=2215"}],"version-history":[{"count":1,"href":"https:\/\/englishtxoko.com\/en\/wp-json\/wp\/v2\/pages\/2215\/revisions"}],"predecessor-version":[{"id":2229,"href":"https:\/\/englishtxoko.com\/en\/wp-json\/wp\/v2\/pages\/2215\/revisions\/2229"}],"wp:attachment":[{"href":"https:\/\/englishtxoko.com\/en\/wp-json\/wp\/v2\/media?parent=2215"}],"curies":[{"name":"wp","href":"https:\/\/api.w.org\/{rel}","templated":true}]}}